{"id":235726,"date":"2018-11-15T17:25:56","date_gmt":"2018-11-15T22:25:56","guid":{"rendered":"http:\/\/37.60.240.146\/~maxsys03\/?page_id=235726"},"modified":"2019-06-20T07:35:26","modified_gmt":"2019-06-20T11:35:26","slug":"loi-sur-lequite-salariale","status":"publish","type":"page","link":"https:\/\/www.maxsys.ca\/fr\/loi-sur-lequite-salariale\/","title":{"rendered":"Loi sur l\u2019\u00e9quit\u00e9 salariale"},"content":{"rendered":"<p style=\"text-align: center;\" align=\"LEFT\"><strong>Nom de l\u2019entreprise : MaxSys Personnel Inc<\/strong>.<\/p>\n<p style=\"text-align: center;\">Nom du groupe : employ\u00e9s temporaires<\/p>\n<p>&nbsp;<\/p>\n<h3 style=\"text-align: center;\" align=\"LEFT\"><strong>LOI SUR L\u2019\u00c9QUIT\u00c9 SALARIALE<\/strong><\/h3>\n<h3 style=\"text-align: center;\" align=\"LEFT\"><strong>AVIS D\u2019AFFICHAGE<\/strong><\/h3>\n<p align=\"LEFT\">Les r\u00e9sultats de l\u2019application de la Loi sur l\u2019\u00e9quit\u00e9 salariale dans l\u2019entreprise seront affich\u00e9s le 14 November 2018 pour une dur\u00e9e de 60 jours.<\/p>\n<p align=\"LEFT\">Les moyens pour en prendre connaissance sont :<\/p>\n<p align=\"LEFT\">L&rsquo;affichage sera effectu\u00e9 sur le babillard de nos bureaux situ\u00e9s \u00e0<\/p>\n<ul>\n<li>873 blvd. D\u00e9carie, Saint-Laurent, Qu\u00e9bec<\/li>\n<li>4050 rue Jean-Marchand, Qu\u00e9bec, Qu\u00e9bec<\/li>\n<li>5700 JBMichaud, suite 200, L\u00e9vis, Qu\u00e9bec.<\/li>\n<\/ul>\n<p align=\"LEFT\">Une copie et aussi disponible sur notre site web: www.maxsys.ca<\/p>\n<p align=\"LEFT\">\n<p align=\"LEFT\">\n<p align=\"LEFT\">\n<p align=\"LEFT\">Pour obtenir plus d\u2019information sur la Loi sur l\u2019\u00e9quit\u00e9 salariale, les obligations qu\u2019elle comporte et les recours qu\u2019elle pr\u00e9voit, communiquez avec la Commission des normes, de l\u2019\u00e9quit\u00e9, de la sant\u00e9 et de la s\u00e9curit\u00e9 du travail ou visitez son site Web :<\/p>\n<p align=\"LEFT\"><em>Commission des normes, de l\u2019\u00e9quit\u00e9, de la sant\u00e9 et de la s\u00e9curit\u00e9 du travail<\/em><\/p>\n<p>&nbsp;<\/p>\n<p align=\"LEFT\">T\u00e9l\u00e9phone : 1 844 838-0808<\/p>\n<p align=\"LEFT\">Site Web : www.cnesst.gouv.qc.ca<\/p>\n<p align=\"LEFT\"><em>\u00a0<\/em><\/p>\n","protected":false},"excerpt":{"rendered":"<p>Nom de l\u2019entreprise : MaxSys Personnel Inc. Nom du groupe : employ\u00e9s temporaires &nbsp; LOI SUR L\u2019\u00c9QUIT\u00c9 SALARIALE AVIS D\u2019AFFICHAGE Les r\u00e9sultats de l\u2019application de la Loi sur l\u2019\u00e9quit\u00e9 salariale dans l\u2019entreprise seront affich\u00e9s le 14 November 2018 pour une dur\u00e9e de 60 jours. Les moyens pour en prendre connaissance sont : L&rsquo;affichage sera effectu\u00e9&#8230;<\/p>\n","protected":false},"author":17,"featured_media":0,"parent":0,"menu_order":40,"comment_status":"closed","ping_status":"closed","template":"","meta":{"footnotes":""},"class_list":["post-235726","page","type-page","status-publish","hentry"],"acf":[],"yoast_head":"<!-- This site is optimized with the Yoast SEO plugin v23.7 - https:\/\/yoast.com\/wordpress\/plugins\/seo\/ -->\n<title>Loi sur l\u2019\u00e9quit\u00e9 salariale - MaxSys Personnel &amp; Expert Conseil<\/title>\n<meta name=\"robots\" content=\"index, follow, max-snippet:-1, max-image-preview:large, max-video-preview:-1\" \/>\n<link rel=\"canonical\" href=\"https:\/\/www.maxsys.ca\/fr\/loi-sur-lequite-salariale\/\" \/>\n<meta property=\"og:locale\" content=\"fr_FR\" \/>\n<meta property=\"og:type\" content=\"article\" \/>\n<meta property=\"og:title\" content=\"Loi sur l\u2019\u00e9quit\u00e9 salariale - MaxSys Personnel &amp; Expert Conseil\" \/>\n<meta property=\"og:description\" content=\"Nom de l\u2019entreprise : MaxSys Personnel Inc. Nom du groupe : employ\u00e9s temporaires &nbsp; LOI SUR L\u2019\u00c9QUIT\u00c9 SALARIALE AVIS D\u2019AFFICHAGE Les r\u00e9sultats de l\u2019application de la Loi sur l\u2019\u00e9quit\u00e9 salariale dans l\u2019entreprise seront affich\u00e9s le 14 November 2018 pour une dur\u00e9e de 60 jours. Les moyens pour en prendre connaissance sont : L&rsquo;affichage sera effectu\u00e9...\" \/>\n<meta property=\"og:url\" content=\"https:\/\/www.maxsys.ca\/fr\/loi-sur-lequite-salariale\/\" \/>\n<meta property=\"og:site_name\" content=\"MaxSys Personnel &amp; Expert Conseil\" \/>\n<meta property=\"article:modified_time\" content=\"2019-06-20T11:35:26+00:00\" \/>\n<meta name=\"twitter:card\" content=\"summary_large_image\" \/>\n<meta name=\"twitter:label1\" content=\"Dur\u00e9e de lecture estim\u00e9e\" \/>\n\t<meta name=\"twitter:data1\" content=\"1 minute\" \/>\n<script type=\"application\/ld+json\" class=\"yoast-schema-graph\">{\"@context\":\"https:\/\/schema.org\",\"@graph\":[{\"@type\":\"WebPage\",\"@id\":\"https:\/\/www.maxsys.ca\/fr\/loi-sur-lequite-salariale\/\",\"url\":\"https:\/\/www.maxsys.ca\/fr\/loi-sur-lequite-salariale\/\",\"name\":\"Loi sur l\u2019\u00e9quit\u00e9 salariale - MaxSys Personnel & Expert Conseil\",\"isPartOf\":{\"@id\":\"https:\/\/www.maxsys.ca\/#website\"},\"datePublished\":\"2018-11-15T22:25:56+00:00\",\"dateModified\":\"2019-06-20T11:35:26+00:00\",\"breadcrumb\":{\"@id\":\"https:\/\/www.maxsys.ca\/fr\/loi-sur-lequite-salariale\/#breadcrumb\"},\"inLanguage\":\"fr-FR\",\"potentialAction\":[{\"@type\":\"ReadAction\",\"target\":[\"https:\/\/www.maxsys.ca\/fr\/loi-sur-lequite-salariale\/\"]}]},{\"@type\":\"BreadcrumbList\",\"@id\":\"https:\/\/www.maxsys.ca\/fr\/loi-sur-lequite-salariale\/#breadcrumb\",\"itemListElement\":[{\"@type\":\"ListItem\",\"position\":1,\"name\":\"Home\",\"item\":\"https:\/\/www.maxsys.ca\/fr\/\"},{\"@type\":\"ListItem\",\"position\":2,\"name\":\"Loi sur l\u2019\u00e9quit\u00e9 salariale\"}]},{\"@type\":\"WebSite\",\"@id\":\"https:\/\/www.maxsys.ca\/#website\",\"url\":\"https:\/\/www.maxsys.ca\/\",\"name\":\"MaxSys Personnel & Expert Conseil\",\"description\":\"\",\"potentialAction\":[{\"@type\":\"SearchAction\",\"target\":{\"@type\":\"EntryPoint\",\"urlTemplate\":\"https:\/\/www.maxsys.ca\/?s={search_term_string}\"},\"query-input\":{\"@type\":\"PropertyValueSpecification\",\"valueRequired\":true,\"valueName\":\"search_term_string\"}}],\"inLanguage\":\"fr-FR\"}]}<\/script>\n<!-- \/ Yoast SEO plugin. -->","yoast_head_json":{"title":"Loi sur l\u2019\u00e9quit\u00e9 salariale - MaxSys Personnel & Expert Conseil","robots":{"index":"index","follow":"follow","max-snippet":"max-snippet:-1","max-image-preview":"max-image-preview:large","max-video-preview":"max-video-preview:-1"},"canonical":"https:\/\/www.maxsys.ca\/fr\/loi-sur-lequite-salariale\/","og_locale":"fr_FR","og_type":"article","og_title":"Loi sur l\u2019\u00e9quit\u00e9 salariale - MaxSys Personnel & Expert Conseil","og_description":"Nom de l\u2019entreprise : MaxSys Personnel Inc. Nom du groupe : employ\u00e9s temporaires &nbsp; LOI SUR L\u2019\u00c9QUIT\u00c9 SALARIALE AVIS D\u2019AFFICHAGE Les r\u00e9sultats de l\u2019application de la Loi sur l\u2019\u00e9quit\u00e9 salariale dans l\u2019entreprise seront affich\u00e9s le 14 November 2018 pour une dur\u00e9e de 60 jours. Les moyens pour en prendre connaissance sont : L&rsquo;affichage sera effectu\u00e9...","og_url":"https:\/\/www.maxsys.ca\/fr\/loi-sur-lequite-salariale\/","og_site_name":"MaxSys Personnel & Expert Conseil","article_modified_time":"2019-06-20T11:35:26+00:00","twitter_card":"summary_large_image","twitter_misc":{"Dur\u00e9e de lecture estim\u00e9e":"1 minute"},"schema":{"@context":"https:\/\/schema.org","@graph":[{"@type":"WebPage","@id":"https:\/\/www.maxsys.ca\/fr\/loi-sur-lequite-salariale\/","url":"https:\/\/www.maxsys.ca\/fr\/loi-sur-lequite-salariale\/","name":"Loi sur l\u2019\u00e9quit\u00e9 salariale - MaxSys Personnel & Expert Conseil","isPartOf":{"@id":"https:\/\/www.maxsys.ca\/#website"},"datePublished":"2018-11-15T22:25:56+00:00","dateModified":"2019-06-20T11:35:26+00:00","breadcrumb":{"@id":"https:\/\/www.maxsys.ca\/fr\/loi-sur-lequite-salariale\/#breadcrumb"},"inLanguage":"fr-FR","potentialAction":[{"@type":"ReadAction","target":["https:\/\/www.maxsys.ca\/fr\/loi-sur-lequite-salariale\/"]}]},{"@type":"BreadcrumbList","@id":"https:\/\/www.maxsys.ca\/fr\/loi-sur-lequite-salariale\/#breadcrumb","itemListElement":[{"@type":"ListItem","position":1,"name":"Home","item":"https:\/\/www.maxsys.ca\/fr\/"},{"@type":"ListItem","position":2,"name":"Loi sur l\u2019\u00e9quit\u00e9 salariale"}]},{"@type":"WebSite","@id":"https:\/\/www.maxsys.ca\/#website","url":"https:\/\/www.maxsys.ca\/","name":"MaxSys Personnel & Expert Conseil","description":"","potentialAction":[{"@type":"SearchAction","target":{"@type":"EntryPoint","urlTemplate":"https:\/\/www.maxsys.ca\/?s={search_term_string}"},"query-input":{"@type":"PropertyValueSpecification","valueRequired":true,"valueName":"search_term_string"}}],"inLanguage":"fr-FR"}]}},"_links":{"self":[{"href":"https:\/\/www.maxsys.ca\/fr\/wp-json\/wp\/v2\/pages\/235726"}],"collection":[{"href":"https:\/\/www.maxsys.ca\/fr\/wp-json\/wp\/v2\/pages"}],"about":[{"href":"https:\/\/www.maxsys.ca\/fr\/wp-json\/wp\/v2\/types\/page"}],"author":[{"embeddable":true,"href":"https:\/\/www.maxsys.ca\/fr\/wp-json\/wp\/v2\/users\/17"}],"replies":[{"embeddable":true,"href":"https:\/\/www.maxsys.ca\/fr\/wp-json\/wp\/v2\/comments?post=235726"}],"version-history":[{"count":0,"href":"https:\/\/www.maxsys.ca\/fr\/wp-json\/wp\/v2\/pages\/235726\/revisions"}],"wp:attachment":[{"href":"https:\/\/www.maxsys.ca\/fr\/wp-json\/wp\/v2\/media?parent=235726"}],"curies":[{"name":"wp","href":"https:\/\/api.w.org\/{rel}","templated":true}]}}